{"id":1356,"date":"2019-05-09T10:48:39","date_gmt":"2019-05-09T10:48:39","guid":{"rendered":"http:\/\/espacopalmeiras.pt\/about-us\/"},"modified":"2019-10-23T10:47:54","modified_gmt":"2019-10-23T10:47:54","slug":"about-us","status":"publish","type":"page","link":"https:\/\/espacopalmeiras.pt\/pt-pt\/about-us\/","title":{"rendered":"Sobre N\u00f3s"},"content":{"rendered":"<section class=\"wpb-content-wrapper\"><p>[vc_row css=&#8221;.vc_custom_1557413921890{padding-top: 50px !important;}&#8221;][vc_column][vc_custom_heading text=&#8221;SOBRE N\u00d3S&#8221; font_container=&#8221;tag:h2|text_align:center&#8221; use_theme_fonts=&#8221;yes&#8221;][vc_separator color=&#8221;custom&#8221; border_width=&#8221;3&#8243; type=&#8221;small&#8221; gap=&#8221;short&#8221; accent_color=&#8221;#bc9552&#8243; css=&#8221;.vc_custom_1557411958505{padding-bottom: 50px !important;}&#8221;][\/vc_column][\/vc_row][vc_row wrap_container=&#8221;yes&#8221; el_class=&#8221;largura&#8221;][vc_column width=&#8221;1\/2&#8243;][vc_column_text]<\/p>\n<h4 style=\"text-align: center;\"><strong>Palace Museum Espa\u00e7o Palmeiras<\/strong><\/h4>\n<p>A 5 minutos a p\u00e9 de emblem\u00e1ticos monumentos e atrac\u00e7\u00f5es da cidade, tais como, Torre dos Cl\u00e9rigos e Livraria Lello, entre outros, o Palace Museum Espa\u00e7o Palmeiras no centro da cidade espera por si para ser a sua porta de entrada para descobrir a cidade do Porto.<\/p>\n<p>O Palace Museum Palmeiras distingue-se dos demais edif\u00edcios na cidade por num s\u00f3 monumento ser poss\u00edvel observar estuques decorativos, pinturas murais, azulejos de \u00e9poca e portas decorativas que retratam bem o per\u00edodo de final do Sec. 19.<\/p>\n<p>Venha descobrir todos os elementos art\u00edsticos, representativos de uma \u00e9poca e \u00fanicos neste espa\u00e7o singular.<\/p>\n<p>Temos \u00e0 sua disposi\u00e7\u00e3o 2 amplos sal\u00f5es que permitem momentos de partilha e confraterniza\u00e7\u00e3o em ambiente intimo e personalizado.<\/p>\n<p>Dispomos tamb\u00e9m de 5 espa\u00e7osas suites com uma decora\u00e7\u00e3o de \u00e9poca para poder disfrutar de um descanso especial e com hist\u00f3ria.[\/vc_column_text][\/vc_column][vc_column width=&#8221;1\/2&#8243;][vc_single_image image=&#8221;1236&#8243; img_size=&#8221;large&#8221;][\/vc_column][\/vc_row][vc_row parallax=&#8221;content-moving-fade&#8221; parallax_image=&#8221;1199&#8243; parallax_speed_bg=&#8221;2&#8243; css=&#8221;.vc_custom_1557414027725{padding-top: 90px !important;padding-bottom: 50px !important;}&#8221;][vc_column width=&#8221;1\/12&#8243;][\/vc_column][vc_column width=&#8221;1\/2&#8243;][vc_custom_heading text=&#8221;Contacte-nos para reservar uma suite.&#8221; font_container=&#8221;tag:h2|text_align:left|color:%23ffffff&#8221; use_theme_fonts=&#8221;yes&#8221;][vc_custom_heading text=&#8221;Ou marque uma visita neste bonito Palace Museum.&#8221; font_container=&#8221;tag:h2|text_align:left|color:%23ffffff&#8221; use_theme_fonts=&#8221;yes&#8221;][vc_empty_space height=&#8221;20px&#8221;][vc_column_text]<\/p>\n<p style=\"text-align: left;\"><span style=\"color: #ffffff; font-size: 16px;\">Para preservar este bonito edif\u00edcio hist\u00f3rico e o seu estilo singular restringimos o acesso, apenas podendo entrar adultos que n\u00e3o usem salto alto, devido ao extensivo trabalho de reabilita\u00e7\u00e3o feito para recuperar este edif\u00edcio \u00fanico. <\/span><\/p>\n<p>[\/vc_column_text][\/vc_column][vc_column width=&#8221;1\/3&#8243;][vc_empty_space height=&#8221;20px&#8221;]\n<div class=\"wpcf7 no-js\" id=\"wpcf7-f1371-o1\" lang=\"pt-PT\" dir=\"ltr\">\n<div class=\"screen-reader-response\"><p role=\"status\" aria-live=\"polite\" aria-atomic=\"true\"><\/p> <ul><\/ul><\/div>\n<form action=\"\/pt-pt\/wp-json\/wp\/v2\/pages\/1356#wpcf7-f1371-o1\" method=\"post\" class=\"wpcf7-form init\" aria-label=\"Contact form\" novalidate=\"novalidate\" data-status=\"init\">\n<div style=\"display: none;\">\n<input type=\"hidden\" name=\"_wpcf7\" value=\"1371\" \/>\n<input type=\"hidden\" name=\"_wpcf7_version\" value=\"5.7.6\" \/>\n<input type=\"hidden\" name=\"_wpcf7_locale\" value=\"pt_PT\" \/>\n<input type=\"hidden\" name=\"_wpcf7_unit_tag\" value=\"wpcf7-f1371-o1\" \/>\n<input type=\"hidden\" name=\"_wpcf7_container_post\" value=\"0\" \/>\n<input type=\"hidden\" name=\"_wpcf7_posted_data_hash\" value=\"\" \/>\n<input type=\"hidden\" name=\"_wpcf7_recaptcha_response\" value=\"\" \/>\n<\/div>\n<p><span class=\"wpcf7-form-control-wrap\" data-name=\"text-379\"><input size=\"40\" class=\"wpcf7-form-control wpcf7-text wpcf7-validates-as-required\" aria-required=\"true\" aria-invalid=\"false\" placeholder=\"Nome\" value=\"\" type=\"text\" name=\"text-379\" \/><\/span>\n<\/p>\n<p><span class=\"wpcf7-form-control-wrap\" data-name=\"email-101\"><input size=\"40\" class=\"wpcf7-form-control wpcf7-text wpcf7-email wpcf7-validates-as-required wpcf7-validates-as-email\" aria-required=\"true\" aria-invalid=\"false\" placeholder=\"Email\" value=\"\" type=\"email\" name=\"email-101\" \/><\/span>\n<\/p>\n<p><span class=\"wpcf7-form-control-wrap\" data-name=\"text-381\"><input size=\"40\" class=\"wpcf7-form-control wpcf7-text wpcf7-validates-as-required\" aria-required=\"true\" aria-invalid=\"false\" placeholder=\"Assunto\" value=\"\" type=\"text\" name=\"text-381\" \/><\/span>\n<\/p>\n<p><span class=\"wpcf7-form-control-wrap\" data-name=\"textarea-351\"><textarea cols=\"40\" rows=\"10\" class=\"wpcf7-form-control wpcf7-textarea wpcf7-validates-as-required\" aria-required=\"true\" aria-invalid=\"false\" placeholder=\"Messagem\" name=\"textarea-351\"><\/textarea><\/span>\n<\/p>\n<p><input class=\"wpcf7-form-control has-spinner wpcf7-submit\" type=\"submit\" value=\"Enviar\" \/>\n<\/p><div class=\"wpcf7-response-output\" aria-hidden=\"true\"><\/div>\n<\/form>\n<\/div>\n[\/vc_column][vc_column width=&#8221;1\/12&#8243;][\/vc_column][\/vc_row]<\/p>\n<\/section>","protected":false},"excerpt":{"rendered":"<p>[vc_row css=&#8221;.vc_custom_1557413921890{padding-top: 50px !important;}&#8221;][vc_column][vc_custom_heading text=&#8221;SOBRE N\u00d3S&#8221; font_container=&#8221;tag:h2|text_align:center&#8221; use_theme_fonts=&#8221;yes&#8221;][vc_separator color=&#8221;custom&#8221; border_width=&#8221;3&#8243; type=&#8221;small&#8221; gap=&#8221;short&#8221; accent_color=&#8221;#bc9552&#8243; css=&#8221;.vc_custom_1557411958505{padding-bottom: 50px !important;}&#8221;][\/vc_column][\/vc_row][vc_row wrap_container=&#8221;yes&#8221; el_class=&#8221;largura&#8221;][vc_column width=&#8221;1\/2&#8243;][vc_column_text] Palace Museum Espa\u00e7o Palmeiras A 5 minutos a p\u00e9 de emblem\u00e1ticos monumentos e atrac\u00e7\u00f5es da cidade, tais como, Torre dos Cl\u00e9rigos e Livraria Lello, entre outros, o Palace Museum Espa\u00e7o Palmeiras no centro da cidade espera [&hellip;]<\/p>\n","protected":false},"author":1,"featured_media":0,"parent":0,"menu_order":0,"comment_status":"closed","ping_status":"closed","template":"","meta":{"_mi_skip_tracking":false},"yoast_head":"<!-- This site is optimized with the Yoast SEO Premium plugin v19.6 (Yoast SEO v21.6) - https:\/\/yoast.com\/wordpress\/plugins\/seo\/ -->\n<title>Sobre N\u00f3s - Palace Museum Espa\u00e7o Palmeiras - Boutique Hotel<\/title>\n<meta name=\"description\" content=\"Sobre N\u00f3s - Palace Museum Espa\u00e7o Palmeiras - Boutique Hotel - Visite-nos e disfrute do nosso espa\u00e7o vintage - reserve j\u00e1 a sua estadia.\" \/>\n<meta name=\"robots\" content=\"index, follow, max-snippet:-1, max-image-preview:large, max-video-preview:-1\" \/>\n<link rel=\"canonical\" href=\"https:\/\/espacopalmeiras.pt\/about-us\/\" \/>\n<meta property=\"og:locale\" content=\"pt_PT\" \/>\n<meta property=\"og:type\" content=\"article\" \/>\n<meta property=\"og:title\" content=\"Sobre N\u00f3s\" \/>\n<meta property=\"og:description\" content=\"Sobre N\u00f3s Espa\u00e7o Palmeiras\" \/>\n<meta property=\"og:url\" content=\"https:\/\/espacopalmeiras.pt\/about-us\/\" \/>\n<meta property=\"og:site_name\" content=\"Espa\u00e7o Palmeiras\" \/>\n<meta property=\"article:modified_time\" content=\"2019-10-23T10:47:54+00:00\" \/>\n<meta name=\"twitter:card\" content=\"summary_large_image\" \/>\n<meta name=\"twitter:label1\" content=\"Tempo estimado de leitura\" \/>\n\t<meta name=\"twitter:data1\" content=\"2 minutos\" \/>\n<script type=\"application\/ld+json\" class=\"yoast-schema-graph\">{\"@context\":\"https:\/\/schema.org\",\"@graph\":[{\"@type\":\"WebPage\",\"@id\":\"https:\/\/espacopalmeiras.pt\/about-us\/\",\"url\":\"https:\/\/espacopalmeiras.pt\/about-us\/\",\"name\":\"Sobre N\u00f3s - Palace Museum Espa\u00e7o Palmeiras - Boutique Hotel\",\"isPartOf\":{\"@id\":\"https:\/\/espacopalmeiras.pt\/#website\"},\"datePublished\":\"2019-05-09T10:48:39+00:00\",\"dateModified\":\"2019-10-23T10:47:54+00:00\",\"description\":\"Sobre N\u00f3s - Palace Museum Espa\u00e7o Palmeiras - Boutique Hotel - Visite-nos e disfrute do nosso espa\u00e7o vintage - reserve j\u00e1 a sua estadia.\",\"breadcrumb\":{\"@id\":\"https:\/\/espacopalmeiras.pt\/about-us\/#breadcrumb\"},\"inLanguage\":\"pt-PT\",\"potentialAction\":[{\"@type\":\"ReadAction\",\"target\":[\"https:\/\/espacopalmeiras.pt\/about-us\/\"]}]},{\"@type\":\"BreadcrumbList\",\"@id\":\"https:\/\/espacopalmeiras.pt\/about-us\/#breadcrumb\",\"itemListElement\":[{\"@type\":\"ListItem\",\"position\":1,\"name\":\"Home\",\"item\":\"https:\/\/espacopalmeiras.pt\/pt-pt\/\"},{\"@type\":\"ListItem\",\"position\":2,\"name\":\"Sobre N\u00f3s\"}]},{\"@type\":\"WebSite\",\"@id\":\"https:\/\/espacopalmeiras.pt\/#website\",\"url\":\"https:\/\/espacopalmeiras.pt\/\",\"name\":\"Espa\u00e7o Palmeiras\",\"description\":\"Palace Museum Espa\u00e7o Palmeiras\",\"potentialAction\":[{\"@type\":\"SearchAction\",\"target\":{\"@type\":\"EntryPoint\",\"urlTemplate\":\"https:\/\/espacopalmeiras.pt\/?s={search_term_string}\"},\"query-input\":\"required name=search_term_string\"}],\"inLanguage\":\"pt-PT\"}]}<\/script>\n<!-- \/ Yoast SEO Premium plugin. -->","yoast_head_json":{"title":"Sobre N\u00f3s - Palace Museum Espa\u00e7o Palmeiras - Boutique Hotel","description":"Sobre N\u00f3s - Palace Museum Espa\u00e7o Palmeiras - Boutique Hotel - Visite-nos e disfrute do nosso espa\u00e7o vintage - reserve j\u00e1 a sua estadia.","robots":{"index":"index","follow":"follow","max-snippet":"max-snippet:-1","max-image-preview":"max-image-preview:large","max-video-preview":"max-video-preview:-1"},"canonical":"https:\/\/espacopalmeiras.pt\/about-us\/","og_locale":"pt_PT","og_type":"article","og_title":"Sobre N\u00f3s","og_description":"Sobre N\u00f3s Espa\u00e7o Palmeiras","og_url":"https:\/\/espacopalmeiras.pt\/about-us\/","og_site_name":"Espa\u00e7o Palmeiras","article_modified_time":"2019-10-23T10:47:54+00:00","twitter_card":"summary_large_image","twitter_misc":{"Tempo estimado de leitura":"2 minutos"},"schema":{"@context":"https:\/\/schema.org","@graph":[{"@type":"WebPage","@id":"https:\/\/espacopalmeiras.pt\/about-us\/","url":"https:\/\/espacopalmeiras.pt\/about-us\/","name":"Sobre N\u00f3s - Palace Museum Espa\u00e7o Palmeiras - Boutique Hotel","isPartOf":{"@id":"https:\/\/espacopalmeiras.pt\/#website"},"datePublished":"2019-05-09T10:48:39+00:00","dateModified":"2019-10-23T10:47:54+00:00","description":"Sobre N\u00f3s - Palace Museum Espa\u00e7o Palmeiras - Boutique Hotel - Visite-nos e disfrute do nosso espa\u00e7o vintage - reserve j\u00e1 a sua estadia.","breadcrumb":{"@id":"https:\/\/espacopalmeiras.pt\/about-us\/#breadcrumb"},"inLanguage":"pt-PT","potentialAction":[{"@type":"ReadAction","target":["https:\/\/espacopalmeiras.pt\/about-us\/"]}]},{"@type":"BreadcrumbList","@id":"https:\/\/espacopalmeiras.pt\/about-us\/#breadcrumb","itemListElement":[{"@type":"ListItem","position":1,"name":"Home","item":"https:\/\/espacopalmeiras.pt\/pt-pt\/"},{"@type":"ListItem","position":2,"name":"Sobre N\u00f3s"}]},{"@type":"WebSite","@id":"https:\/\/espacopalmeiras.pt\/#website","url":"https:\/\/espacopalmeiras.pt\/","name":"Espa\u00e7o Palmeiras","description":"Palace Museum Espa\u00e7o Palmeiras","potentialAction":[{"@type":"SearchAction","target":{"@type":"EntryPoint","urlTemplate":"https:\/\/espacopalmeiras.pt\/?s={search_term_string}"},"query-input":"required name=search_term_string"}],"inLanguage":"pt-PT"}]}},"_links":{"self":[{"href":"https:\/\/espacopalmeiras.pt\/pt-pt\/wp-json\/wp\/v2\/pages\/1356"}],"collection":[{"href":"https:\/\/espacopalmeiras.pt\/pt-pt\/wp-json\/wp\/v2\/pages"}],"about":[{"href":"https:\/\/espacopalmeiras.pt\/pt-pt\/wp-json\/wp\/v2\/types\/page"}],"author":[{"embeddable":true,"href":"https:\/\/espacopalmeiras.pt\/pt-pt\/wp-json\/wp\/v2\/users\/1"}],"replies":[{"embeddable":true,"href":"https:\/\/espacopalmeiras.pt\/pt-pt\/wp-json\/wp\/v2\/comments?post=1356"}],"version-history":[{"count":7,"href":"https:\/\/espacopalmeiras.pt\/pt-pt\/wp-json\/wp\/v2\/pages\/1356\/revisions"}],"predecessor-version":[{"id":1492,"href":"https:\/\/espacopalmeiras.pt\/pt-pt\/wp-json\/wp\/v2\/pages\/1356\/revisions\/1492"}],"wp:attachment":[{"href":"https:\/\/espacopalmeiras.pt\/pt-pt\/wp-json\/wp\/v2\/media?parent=1356"}],"curies":[{"name":"wp","href":"https:\/\/api.w.org\/{rel}","templated":true}]}}