{"id":1337,"date":"2019-04-02T16:10:39","date_gmt":"2019-04-02T16:10:39","guid":{"rendered":"http:\/\/espacopalmeiras.pt\/rooms\/"},"modified":"2019-06-03T17:01:51","modified_gmt":"2019-06-03T17:01:51","slug":"rooms","status":"publish","type":"page","link":"https:\/\/espacopalmeiras.pt\/pt-pt\/rooms\/","title":{"rendered":"Suites"},"content":{"rendered":"<section class=\"wpb-content-wrapper\"><p>[vc_row][vc_column][vc_custom_heading text=&#8221;Reserve AGORA &#8221; font_container=&#8221;tag:h3|text_align:center|color:%231d2127&#8243; use_theme_fonts=&#8221;yes&#8221; text_transform=&#8221;text-uppercase&#8221; el_class=&#8221;m-b-none&#8221;][vc_separator color=&#8221;custom&#8221; border_width=&#8221;3&#8243; type=&#8221;small&#8221; gap=&#8221;short&#8221; accent_color=&#8221;#bc9552&#8243;][vc_column_text]<\/p>\n<p style=\"text-align: center;\">Dispomos de 5 espa\u00e7osas suites com uma decora\u00e7\u00e3o de \u00e9poca para<br \/>\npoder desfrutar de um descanso especial e rodeado de hist\u00f3ria.<br \/>\nE para aquele momento especial de lua-de-mel, anivers\u00e1rio de casamento ou outra data importante,<br \/>\ndispomos de uma suite duplex com sala de estar e quarto, para uma maior privacidade.<\/p>\n<p>[\/vc_column_text][\/vc_column][\/vc_row][vc_row][vc_column][vc_column_text]<h2 class=\"center-title\">Book Now<\/h2>\n  <div id=\"home_results\"><div class=\"result-block\">\n          <a href=\"https:\/\/espacopalmeiras.pt\/pt-pt\/property\/premium\/\"><h4>Suite Duplex Panor\u00e2mica<\/h4><\/a>\n          <a href=\"https:\/\/espacopalmeiras.pt\/pt-pt\/property\/premium\/\"><div class=\"cycle-slideshow\"\n    data-cycle-manual-fx=scrollHorz\n    data-cycle-manual-speed=\"700\"\n    data-cycle-swipe=true\n    data-cycle-swipe-fx=scrollHorz\n    data-cycle-timeout=0\n    data-cycle-slides=\"img\"\n    data-cycle-prev=\".r-left-1392\"\n    data-cycle-next=\".r-right-1392\"\n    data-cycle-loader=true\n    data-cycle-progressive=\"#images-1392\"\n    data-cycle-overlay-template=\"<span class=slide_caption>{{slideNum}} \/ 4<\/span>\"\n    >\n\n    <!-- only one image declared in markup -->\n    <img src=\"https:\/\/espacopalmeiras.pt\/wp-content\/uploads\/2019\/03\/panoramica-min-1-463x348.jpg\">\n    <script id=\"images-1392\" type=\"text\/cycle\"><img src=\"https:\/\/espacopalmeiras.pt\/wp-content\/uploads\/2019\/03\/espaco-palmeiras-img1-25-320x200.jpg\">\n<img src=\"https:\/\/espacopalmeiras.pt\/wp-content\/uploads\/2019\/03\/espaco-palmeiras-img1-27-320x200.jpg\">\n<img src=\"https:\/\/espacopalmeiras.pt\/wp-content\/uploads\/2019\/03\/espaco-palmeiras-img1-3-320x200.jpg\">\n<\/script>\n    <!-- empty element for overlay -->\n    <div class=\"cycle-overlay custom\"><\/div>\n     <!-- prev\/next links -->\n    <i class=\"fa fa-caret-left r-left-1392\" aria-hidden=\"true\"><\/i>\n    <i class=\"fa fa-caret-right r-right-1392\" aria-hidden=\"true\"><\/i>\n    <\/div><\/a>\n          <div class=\"from_price\">desde <span class=\"from_price_amount\">340 \u20ac<\/span>por noite<\/div>\n          <a href=\"https:\/\/espacopalmeiras.pt\/pt-pt\/property\/premium\/\"><input type=\"button\" class=\"bc-button-color\" value=\"Ver suite\" name=\"view\" id=\"view-1392\"><\/a>\n          <\/div><div class=\"result-block\">\n          <a href=\"https:\/\/espacopalmeiras.pt\/pt-pt\/property\/arcada\/\"><h4>Suite Arcada<\/h4><\/a>\n          <a href=\"https:\/\/espacopalmeiras.pt\/pt-pt\/property\/arcada\/\"><div class=\"cycle-slideshow\"\n    data-cycle-manual-fx=scrollHorz\n    data-cycle-manual-speed=\"700\"\n    data-cycle-swipe=true\n    data-cycle-swipe-fx=scrollHorz\n    data-cycle-timeout=0\n    data-cycle-slides=\"img\"\n    data-cycle-prev=\".r-left-1390\"\n    data-cycle-next=\".r-right-1390\"\n    data-cycle-loader=true\n    data-cycle-progressive=\"#images-1390\"\n    data-cycle-overlay-template=\"<span class=slide_caption>{{slideNum}} \/ 5<\/span>\"\n    >\n\n    <!-- only one image declared in markup -->\n    <img src=\"https:\/\/espacopalmeiras.pt\/wp-content\/uploads\/2019\/03\/arcada-min-1-463x348.jpg\">\n    <script id=\"images-1390\" type=\"text\/cycle\"><img src=\"https:\/\/espacopalmeiras.pt\/wp-content\/uploads\/2019\/03\/IMG_0325-320x200.jpg\">\n<img src=\"https:\/\/espacopalmeiras.pt\/wp-content\/uploads\/2019\/03\/arcada-4-320x200.jpg\">\n<img src=\"https:\/\/espacopalmeiras.pt\/wp-content\/uploads\/2019\/03\/IMG_0348-320x200.jpg\">\n<img src=\"https:\/\/espacopalmeiras.pt\/wp-content\/uploads\/2019\/03\/IMG_0334-320x200.jpg\">\n<\/script>\n    <!-- empty element for overlay -->\n    <div class=\"cycle-overlay custom\"><\/div>\n     <!-- prev\/next links -->\n    <i class=\"fa fa-caret-left r-left-1390\" aria-hidden=\"true\"><\/i>\n    <i class=\"fa fa-caret-right r-right-1390\" aria-hidden=\"true\"><\/i>\n    <\/div><\/a>\n          <div class=\"from_price\">desde <span class=\"from_price_amount\">180 \u20ac<\/span>por noite<\/div>\n          <a href=\"https:\/\/espacopalmeiras.pt\/pt-pt\/property\/arcada\/\"><input type=\"button\" class=\"bc-button-color\" value=\"Ver suite\" name=\"view\" id=\"view-1390\"><\/a>\n          <\/div><div class=\"result-block\">\n          <a href=\"https:\/\/espacopalmeiras.pt\/pt-pt\/property\/rosa\/\"><h4>Suite Rosa<\/h4><\/a>\n          <a href=\"https:\/\/espacopalmeiras.pt\/pt-pt\/property\/rosa\/\"><div class=\"cycle-slideshow\"\n    data-cycle-manual-fx=scrollHorz\n    data-cycle-manual-speed=\"700\"\n    data-cycle-swipe=true\n    data-cycle-swipe-fx=scrollHorz\n    data-cycle-timeout=0\n    data-cycle-slides=\"img\"\n    data-cycle-prev=\".r-left-1388\"\n    data-cycle-next=\".r-right-1388\"\n    data-cycle-loader=true\n    data-cycle-progressive=\"#images-1388\"\n    data-cycle-overlay-template=\"<span class=slide_caption>{{slideNum}} \/ 3<\/span>\"\n    >\n\n    <!-- only one image declared in markup -->\n    <img src=\"https:\/\/espacopalmeiras.pt\/wp-content\/uploads\/2019\/03\/rosa-min-1-463x348.jpg\">\n    <script id=\"images-1388\" type=\"text\/cycle\"><img src=\"https:\/\/espacopalmeiras.pt\/wp-content\/uploads\/2019\/03\/rosa-9-320x200.jpg\">\n<img src=\"https:\/\/espacopalmeiras.pt\/wp-content\/uploads\/2019\/03\/rosa-6-320x200.jpg\">\n<\/script>\n    <!-- empty element for overlay -->\n    <div class=\"cycle-overlay custom\"><\/div>\n     <!-- prev\/next links -->\n    <i class=\"fa fa-caret-left r-left-1388\" aria-hidden=\"true\"><\/i>\n    <i class=\"fa fa-caret-right r-right-1388\" aria-hidden=\"true\"><\/i>\n    <\/div><\/a>\n          <div class=\"from_price\">desde <span class=\"from_price_amount\">180 \u20ac<\/span>por noite<\/div>\n          <a href=\"https:\/\/espacopalmeiras.pt\/pt-pt\/property\/rosa\/\"><input type=\"button\" class=\"bc-button-color\" value=\"Ver suite\" name=\"view\" id=\"view-1388\"><\/a>\n          <\/div><div class=\"result-block\">\n          <a href=\"https:\/\/espacopalmeiras.pt\/pt-pt\/property\/junior\/\"><h4>Suite Junior Deluxe<\/h4><\/a>\n          <a href=\"https:\/\/espacopalmeiras.pt\/pt-pt\/property\/junior\/\"><div class=\"cycle-slideshow\"\n    data-cycle-manual-fx=scrollHorz\n    data-cycle-manual-speed=\"700\"\n    data-cycle-swipe=true\n    data-cycle-swipe-fx=scrollHorz\n    data-cycle-timeout=0\n    data-cycle-slides=\"img\"\n    data-cycle-prev=\".r-left-1341\"\n    data-cycle-next=\".r-right-1341\"\n    data-cycle-loader=true\n    data-cycle-progressive=\"#images-1341\"\n    data-cycle-overlay-template=\"<span class=slide_caption>{{slideNum}} \/ 3<\/span>\"\n    >\n\n    <!-- only one image declared in markup -->\n    <img src=\"https:\/\/espacopalmeiras.pt\/wp-content\/uploads\/2019\/03\/junior-min-463x348.jpg\">\n    <script id=\"images-1341\" type=\"text\/cycle\"><img src=\"https:\/\/espacopalmeiras.pt\/wp-content\/uploads\/2019\/03\/IMG_0407-320x200.png\">\n<img src=\"https:\/\/espacopalmeiras.pt\/wp-content\/uploads\/2019\/03\/espaco-palmeiras-img1-21-320x200.jpg\">\n<\/script>\n    <!-- empty element for overlay -->\n    <div class=\"cycle-overlay custom\"><\/div>\n     <!-- prev\/next links -->\n    <i class=\"fa fa-caret-left r-left-1341\" aria-hidden=\"true\"><\/i>\n    <i class=\"fa fa-caret-right r-right-1341\" aria-hidden=\"true\"><\/i>\n    <\/div><\/a>\n          <div class=\"from_price\">desde <span class=\"from_price_amount\">140 \u20ac<\/span>por noite<\/div>\n          <a href=\"https:\/\/espacopalmeiras.pt\/pt-pt\/property\/junior\/\"><input type=\"button\" class=\"bc-button-color\" value=\"Ver suite\" name=\"view\" id=\"view-1341\"><\/a>\n          <\/div><\/div><div id=\"pager\"><a href=\"?page_num=1\"><span class=\"pager_num cur_page\" data-x=\"1\">1<\/span><\/a><\/div><h2 class=\"center-title\">Mapa<\/h2>\n       <div id=\"map_all\"><\/div>    <script>\n\nfunction initMap() {\n  var map = new google.maps.Map(document.getElementById('map_all'), {\n    zoom: 15,\n    center: {lat: 41.1516383, lng: -8.6166352},\n    scrollwheel: false,\n  });\n  \n  google.maps.event.addDomListener(window, \"resize\", function() {\n    var center = map.getCenter();\n    google.maps.event.trigger(map, \"resize\");\n    map.setCenter(center); \n  });\n\n  setMarkers(map);\n}\n\nvar beaches = [\n  ['Suite Junior Deluxe', 41.1516383, -8.6166352, 1, '<div class=\"map_info\"><a href=\"https:\/\/espacopalmeiras.pt\/pt-pt\/property\/junior\/\"><h4>Suite Junior Deluxe<\/h4><\/a><div class=\"from_price\">desde <span class=\"from_price_amount\">140 \u20ac<\/span>por noite<\/div><table><tbody><tr><td><\/td><td><div class=\"map_info_line\"><span>Quartos<\/span><span>1<\/span><\/div><div class=\"map_info_line\"><span>Camas<\/span><span>1<\/span><\/div><div class=\"map_info_line\"><span>Guests<\/span><span>2<\/span><\/div><div class=\"map_info_line\"><span>Rating<\/span><span>\t\t<div itemscope itemtype=\"http:\/\/schema.org\/Product\">\t\t\t<span itemprop=\"name\" style=\"display:none\">\t\t\t\tSuite Junior Deluxe\t\t\t<\/span>\t\t\tOverall rating:\t\t\t<span itemprop=\"aggregateRating\" itemscope itemtype=\"http:\/\/schema.org\/AggregateRating\">\t\t\t\t<strong><span class=\"value\" itemprop=\"ratingValue\">\t\t\t\t\t0\t\t\t\t<\/span><\/strong> out of\t\t\t\t<strong><span itemprop=\"bestRating\">5<\/span><\/strong> based on\t\t\t\t<span class=\"votes\" itemprop=\"reviewCount\">\t\t\t\t\t0\t\t\t\t<\/span> reviews.\t\t\t<\/span>\t\t<\/div>\t<\/span><\/div><a href=\"https:\/\/espacopalmeiras.pt\/pt-pt\/property\/junior\/\"><input type=\"button\" class=\"bc-button-color\" value=\"View details\"><\/a><\/td><\/tr><\/tbody><\/table><\/div>'],['Suite Rosa', 41.1516383, -8.6166352, 2, '<div class=\"map_info\"><a href=\"https:\/\/espacopalmeiras.pt\/pt-pt\/property\/rosa\/\"><h4>Suite Rosa<\/h4><\/a><div class=\"from_price\">desde <span class=\"from_price_amount\">180 \u20ac<\/span>por noite<\/div><table><tbody><tr><td><\/td><td><div class=\"map_info_line\"><span>Quartos<\/span><span>1<\/span><\/div><div class=\"map_info_line\"><span>Camas<\/span><span>2<\/span><\/div><div class=\"map_info_line\"><span>Guests<\/span><span>2<\/span><\/div><div class=\"map_info_line\"><span>Rating<\/span><span>\t\t<div itemscope itemtype=\"http:\/\/schema.org\/Product\">\t\t\t<span itemprop=\"name\" style=\"display:none\">\t\t\t\tSuite Rosa\t\t\t<\/span>\t\t\tOverall rating:\t\t\t<span itemprop=\"aggregateRating\" itemscope itemtype=\"http:\/\/schema.org\/AggregateRating\">\t\t\t\t<strong><span class=\"value\" itemprop=\"ratingValue\">\t\t\t\t\t0\t\t\t\t<\/span><\/strong> out of\t\t\t\t<strong><span itemprop=\"bestRating\">5<\/span><\/strong> based on\t\t\t\t<span class=\"votes\" itemprop=\"reviewCount\">\t\t\t\t\t0\t\t\t\t<\/span> reviews.\t\t\t<\/span>\t\t<\/div>\t<\/span><\/div><a href=\"https:\/\/espacopalmeiras.pt\/pt-pt\/property\/rosa\/\"><input type=\"button\" class=\"bc-button-color\" value=\"View details\"><\/a><\/td><\/tr><\/tbody><\/table><\/div>'],['Suite Arcada', 41.1516383, -8.6166352, 3, '<div class=\"map_info\"><a href=\"https:\/\/espacopalmeiras.pt\/pt-pt\/property\/arcada\/\"><h4>Suite Arcada<\/h4><\/a><div class=\"from_price\">desde <span class=\"from_price_amount\">180 \u20ac<\/span>por noite<\/div><table><tbody><tr><td><\/td><td><div class=\"map_info_line\"><span>Quartos<\/span><span>1<\/span><\/div><div class=\"map_info_line\"><span>Camas<\/span><span>2<\/span><\/div><div class=\"map_info_line\"><span>Guests<\/span><span>2<\/span><\/div><div class=\"map_info_line\"><span>Rating<\/span><span>\t\t<div itemscope itemtype=\"http:\/\/schema.org\/Product\">\t\t\t<span itemprop=\"name\" style=\"display:none\">\t\t\t\tSuite Arcada\t\t\t<\/span>\t\t\tOverall rating:\t\t\t<span itemprop=\"aggregateRating\" itemscope itemtype=\"http:\/\/schema.org\/AggregateRating\">\t\t\t\t<strong><span class=\"value\" itemprop=\"ratingValue\">\t\t\t\t\t0\t\t\t\t<\/span><\/strong> out of\t\t\t\t<strong><span itemprop=\"bestRating\">5<\/span><\/strong> based on\t\t\t\t<span class=\"votes\" itemprop=\"reviewCount\">\t\t\t\t\t0\t\t\t\t<\/span> reviews.\t\t\t<\/span>\t\t<\/div>\t<\/span><\/div><a href=\"https:\/\/espacopalmeiras.pt\/pt-pt\/property\/arcada\/\"><input type=\"button\" class=\"bc-button-color\" value=\"View details\"><\/a><\/td><\/tr><\/tbody><\/table><\/div>'],['Suite Duplex Panor\u00e2mica', 41.1516383, -8.6166352, 4, '<div class=\"map_info\"><a href=\"https:\/\/espacopalmeiras.pt\/pt-pt\/property\/premium\/\"><h4>Suite Duplex Panor\u00e2mica<\/h4><\/a><div class=\"from_price\">desde <span class=\"from_price_amount\">340 \u20ac<\/span>por noite<\/div><table><tbody><tr><td><\/td><td><div class=\"map_info_line\"><span>Quartos<\/span><span>1<\/span><\/div><div class=\"map_info_line\"><span>Camas<\/span><span>2<\/span><\/div><div class=\"map_info_line\"><span>Guests<\/span><span>4<\/span><\/div><div class=\"map_info_line\"><span>Rating<\/span><span>\t\t<div itemscope itemtype=\"http:\/\/schema.org\/Product\">\t\t\t<span itemprop=\"name\" style=\"display:none\">\t\t\t\tSuite Duplex Panor\u00e2mica\t\t\t<\/span>\t\t\tOverall rating:\t\t\t<span itemprop=\"aggregateRating\" itemscope itemtype=\"http:\/\/schema.org\/AggregateRating\">\t\t\t\t<strong><span class=\"value\" itemprop=\"ratingValue\">\t\t\t\t\t0\t\t\t\t<\/span><\/strong> out of\t\t\t\t<strong><span itemprop=\"bestRating\">5<\/span><\/strong> based on\t\t\t\t<span class=\"votes\" itemprop=\"reviewCount\">\t\t\t\t\t0\t\t\t\t<\/span> reviews.\t\t\t<\/span>\t\t<\/div>\t<\/span><\/div><a href=\"https:\/\/espacopalmeiras.pt\/pt-pt\/property\/premium\/\"><input type=\"button\" class=\"bc-button-color\" value=\"View details\"><\/a><\/td><\/tr><\/tbody><\/table><\/div>'],\n];\n\nfunction setMarkers(map) {\n  var image = {\n    url: 'https:\/\/espacopalmeiras.pt\/wp-content\/plugins\/vr-booking2\/css\/img\/mm-green.png',\n    size: new google.maps.Size(30, 56),\n    origin: new google.maps.Point(0, 0),\n    anchor: new google.maps.Point(22, 55)\n  };\n  \/\/ Shapes define the clickable region of the icon. The type defines an HTML\n  \/\/ <area> element 'poly' which traces out a polygon as a series of X,Y points.\n  \/\/ The final coordinate closes the poly by connecting to the first coordinate.\n  var shape = {\n    coords: [1, 1, 1, 45, 35, 45, 35, 1],\n    type: 'poly'\n  };\n  for (var i = 0; i < beaches.length; i++) {\n    var beach = beaches[i];\n    var marker = new google.maps.Marker({\n      position: {lat: beach[1], lng: beach[2]},\n      map: map,\n      icon: image,\n      shape: shape,\n      title: beach[0],\n      zIndex: beach[3],\n      mycontent: beach[4]\n    });\n\n    var infowindow = new google.maps.InfoWindow();\n    var content = beach[4];\n\n    google.maps.event.addListener(marker,'click', function(){\n           infowindow.setContent(this.mycontent);\n           infowindow.open(map,this);\n    });\n   }\n}\n\n    <\/script>\n\n<script async defer\n        src=\"https:\/\/maps.googleapis.com\/maps\/api\/js?key=AIzaSyBrKhxm4iXtZMNxAFxU0_in9OWv5t2UCsY&signed_in=true&callback=initMap\"><\/script>\n[\/vc_column_text][\/vc_column][\/vc_row]<\/p>\n<\/section>","protected":false},"excerpt":{"rendered":"<p>[vc_row][vc_column][vc_custom_heading text=&#8221;Reserve AGORA &#8221; font_container=&#8221;tag:h3|text_align:center|color:%231d2127&#8243; use_theme_fonts=&#8221;yes&#8221; text_transform=&#8221;text-uppercase&#8221; el_class=&#8221;m-b-none&#8221;][vc_separator color=&#8221;custom&#8221; border_width=&#8221;3&#8243; type=&#8221;small&#8221; gap=&#8221;short&#8221; accent_color=&#8221;#bc9552&#8243;][vc_column_text] Dispomos de 5 espa\u00e7osas suites com uma decora\u00e7\u00e3o de \u00e9poca para poder desfrutar de um descanso especial e rodeado de hist\u00f3ria. E para aquele momento especial de lua-de-mel, anivers\u00e1rio de casamento ou outra data importante, dispomos de uma suite duplex com sala [&hellip;]<\/p>\n","protected":false},"author":5,"featured_media":0,"parent":0,"menu_order":0,"comment_status":"closed","ping_status":"closed","template":"","meta":{"_mi_skip_tracking":false},"yoast_head":"<!-- This site is optimized with the Yoast SEO Premium plugin v19.6 (Yoast SEO v21.6) - https:\/\/yoast.com\/wordpress\/plugins\/seo\/ -->\n<title>Suites - Espa\u00e7o Palmeiras<\/title>\n<meta name=\"description\" content=\"Suites Espa\u00e7o Palmeiras -\" \/>\n<meta name=\"robots\" content=\"index, follow, max-snippet:-1, max-image-preview:large, max-video-preview:-1\" \/>\n<link rel=\"canonical\" href=\"https:\/\/espacopalmeiras.pt\/rooms\/\" \/>\n<meta property=\"og:locale\" content=\"pt_PT\" \/>\n<meta property=\"og:type\" content=\"article\" \/>\n<meta property=\"og:title\" content=\"Suites\" \/>\n<meta property=\"og:description\" content=\"Suites Espa\u00e7o Palmeiras\" \/>\n<meta property=\"og:url\" content=\"https:\/\/espacopalmeiras.pt\/rooms\/\" \/>\n<meta property=\"og:site_name\" content=\"Espa\u00e7o Palmeiras\" \/>\n<meta property=\"article:modified_time\" content=\"2019-06-03T17:01:51+00:00\" \/>\n<meta name=\"twitter:card\" content=\"summary_large_image\" \/>\n<meta name=\"twitter:label1\" content=\"Tempo estimado de leitura\" \/>\n\t<meta name=\"twitter:data1\" content=\"1 minuto\" \/>\n<script type=\"application\/ld+json\" class=\"yoast-schema-graph\">{\"@context\":\"https:\/\/schema.org\",\"@graph\":[{\"@type\":\"WebPage\",\"@id\":\"https:\/\/espacopalmeiras.pt\/rooms\/\",\"url\":\"https:\/\/espacopalmeiras.pt\/rooms\/\",\"name\":\"Suites - Espa\u00e7o Palmeiras\",\"isPartOf\":{\"@id\":\"https:\/\/espacopalmeiras.pt\/#website\"},\"datePublished\":\"2019-04-02T16:10:39+00:00\",\"dateModified\":\"2019-06-03T17:01:51+00:00\",\"description\":\"Suites Espa\u00e7o Palmeiras -\",\"breadcrumb\":{\"@id\":\"https:\/\/espacopalmeiras.pt\/rooms\/#breadcrumb\"},\"inLanguage\":\"pt-PT\",\"potentialAction\":[{\"@type\":\"ReadAction\",\"target\":[\"https:\/\/espacopalmeiras.pt\/rooms\/\"]}]},{\"@type\":\"BreadcrumbList\",\"@id\":\"https:\/\/espacopalmeiras.pt\/rooms\/#breadcrumb\",\"itemListElement\":[{\"@type\":\"ListItem\",\"position\":1,\"name\":\"Home\",\"item\":\"https:\/\/espacopalmeiras.pt\/pt-pt\/\"},{\"@type\":\"ListItem\",\"position\":2,\"name\":\"Suites\"}]},{\"@type\":\"WebSite\",\"@id\":\"https:\/\/espacopalmeiras.pt\/#website\",\"url\":\"https:\/\/espacopalmeiras.pt\/\",\"name\":\"Espa\u00e7o Palmeiras\",\"description\":\"Palace Museum Espa\u00e7o Palmeiras\",\"potentialAction\":[{\"@type\":\"SearchAction\",\"target\":{\"@type\":\"EntryPoint\",\"urlTemplate\":\"https:\/\/espacopalmeiras.pt\/?s={search_term_string}\"},\"query-input\":\"required name=search_term_string\"}],\"inLanguage\":\"pt-PT\"}]}<\/script>\n<!-- \/ Yoast SEO Premium plugin. -->","yoast_head_json":{"title":"Suites - Espa\u00e7o Palmeiras","description":"Suites Espa\u00e7o Palmeiras -","robots":{"index":"index","follow":"follow","max-snippet":"max-snippet:-1","max-image-preview":"max-image-preview:large","max-video-preview":"max-video-preview:-1"},"canonical":"https:\/\/espacopalmeiras.pt\/rooms\/","og_locale":"pt_PT","og_type":"article","og_title":"Suites","og_description":"Suites Espa\u00e7o Palmeiras","og_url":"https:\/\/espacopalmeiras.pt\/rooms\/","og_site_name":"Espa\u00e7o Palmeiras","article_modified_time":"2019-06-03T17:01:51+00:00","twitter_card":"summary_large_image","twitter_misc":{"Tempo estimado de leitura":"1 minuto"},"schema":{"@context":"https:\/\/schema.org","@graph":[{"@type":"WebPage","@id":"https:\/\/espacopalmeiras.pt\/rooms\/","url":"https:\/\/espacopalmeiras.pt\/rooms\/","name":"Suites - Espa\u00e7o Palmeiras","isPartOf":{"@id":"https:\/\/espacopalmeiras.pt\/#website"},"datePublished":"2019-04-02T16:10:39+00:00","dateModified":"2019-06-03T17:01:51+00:00","description":"Suites Espa\u00e7o Palmeiras -","breadcrumb":{"@id":"https:\/\/espacopalmeiras.pt\/rooms\/#breadcrumb"},"inLanguage":"pt-PT","potentialAction":[{"@type":"ReadAction","target":["https:\/\/espacopalmeiras.pt\/rooms\/"]}]},{"@type":"BreadcrumbList","@id":"https:\/\/espacopalmeiras.pt\/rooms\/#breadcrumb","itemListElement":[{"@type":"ListItem","position":1,"name":"Home","item":"https:\/\/espacopalmeiras.pt\/pt-pt\/"},{"@type":"ListItem","position":2,"name":"Suites"}]},{"@type":"WebSite","@id":"https:\/\/espacopalmeiras.pt\/#website","url":"https:\/\/espacopalmeiras.pt\/","name":"Espa\u00e7o Palmeiras","description":"Palace Museum Espa\u00e7o Palmeiras","potentialAction":[{"@type":"SearchAction","target":{"@type":"EntryPoint","urlTemplate":"https:\/\/espacopalmeiras.pt\/?s={search_term_string}"},"query-input":"required name=search_term_string"}],"inLanguage":"pt-PT"}]}},"_links":{"self":[{"href":"https:\/\/espacopalmeiras.pt\/pt-pt\/wp-json\/wp\/v2\/pages\/1337"}],"collection":[{"href":"https:\/\/espacopalmeiras.pt\/pt-pt\/wp-json\/wp\/v2\/pages"}],"about":[{"href":"https:\/\/espacopalmeiras.pt\/pt-pt\/wp-json\/wp\/v2\/types\/page"}],"author":[{"embeddable":true,"href":"https:\/\/espacopalmeiras.pt\/pt-pt\/wp-json\/wp\/v2\/users\/5"}],"replies":[{"embeddable":true,"href":"https:\/\/espacopalmeiras.pt\/pt-pt\/wp-json\/wp\/v2\/comments?post=1337"}],"version-history":[{"count":5,"href":"https:\/\/espacopalmeiras.pt\/pt-pt\/wp-json\/wp\/v2\/pages\/1337\/revisions"}],"predecessor-version":[{"id":1397,"href":"https:\/\/espacopalmeiras.pt\/pt-pt\/wp-json\/wp\/v2\/pages\/1337\/revisions\/1397"}],"wp:attachment":[{"href":"https:\/\/espacopalmeiras.pt\/pt-pt\/wp-json\/wp\/v2\/media?parent=1337"}],"curies":[{"name":"wp","href":"https:\/\/api.w.org\/{rel}","templated":true}]}}